{"id":6312,"date":"2019-12-02T16:23:34","date_gmt":"2019-12-02T15:23:34","guid":{"rendered":"https:\/\/www.grafityp.com\/about\/"},"modified":"2024-08-12T11:22:01","modified_gmt":"2024-08-12T09:22:01","slug":"ueber","status":"publish","type":"page","link":"https:\/\/www.grafityp.com\/de\/ueber\/","title":{"rendered":"\u00dcber"},"content":{"rendered":"","protected":false},"excerpt":{"rendered":"","protected":false},"author":2,"featured_media":6314,"parent":0,"menu_order":10,"comment_status":"closed","ping_status":"closed","template":"_template\/about.php","meta":{"_acf_changed":false,"footnotes":""},"class_list":["post-6312","page","type-page","status-publish","has-post-thumbnail","hentry"],"acf":[],"yoast_head":"<!-- This site is optimized with the Yoast SEO plugin v27.3 - https:\/\/yoast.com\/product\/yoast-seo-wordpress\/ -->\n<title>\u00dcber - Grafityp<\/title>\n<meta name=\"description\" content=\"Bei Grafityp entwickeln und fertigen wir selbstklebende Vinyls. Farbfilme, Druckfilme f\u00fcr den gro\u00dfformatigen Farbdruck, Laminate und Verpackungsfolien.\" \/>\n<meta name=\"robots\" content=\"index, follow, max-snippet:-1, max-image-preview:large, max-video-preview:-1\" \/>\n<link rel=\"canonical\" href=\"https:\/\/www.grafityp.com\/de\/ueber\/\" \/>\n<meta property=\"og:locale\" content=\"de_DE\" \/>\n<meta property=\"og:type\" content=\"article\" \/>\n<meta property=\"og:title\" content=\"\u00dcber - Grafityp\" \/>\n<meta property=\"og:description\" content=\"Bei Grafityp entwickeln und fertigen wir selbstklebende Vinyls. Farbfilme, Druckfilme f\u00fcr den gro\u00dfformatigen Farbdruck, Laminate und Verpackungsfolien.\" \/>\n<meta property=\"og:url\" content=\"https:\/\/www.grafityp.com\/de\/ueber\/\" \/>\n<meta property=\"og:site_name\" content=\"Grafityp\" \/>\n<meta property=\"article:modified_time\" content=\"2024-08-12T09:22:01+00:00\" \/>\n<meta property=\"og:image\" content=\"https:\/\/www.grafityp.com\/wp-content\/uploads\/2019\/12\/20191204Grafityp-web0205.jpg\" \/>\n\t<meta property=\"og:image:width\" content=\"1200\" \/>\n\t<meta property=\"og:image:height\" content=\"800\" \/>\n\t<meta property=\"og:image:type\" content=\"image\/jpeg\" \/>\n<meta name=\"twitter:card\" content=\"summary_large_image\" \/>\n<meta name=\"twitter:label1\" content=\"Gesch\u00e4tzte Lesezeit\" \/>\n\t<meta name=\"twitter:data1\" content=\"8\u00a0Minuten\" \/>\n<script type=\"application\/ld+json\" class=\"yoast-schema-graph\">{\"@context\":\"https:\\\/\\\/schema.org\",\"@graph\":[{\"@type\":\"WebPage\",\"@id\":\"https:\\\/\\\/www.grafityp.com\\\/de\\\/ueber\\\/\",\"url\":\"https:\\\/\\\/www.grafityp.com\\\/de\\\/ueber\\\/\",\"name\":\"\u00dcber - Grafityp\",\"isPartOf\":{\"@id\":\"https:\\\/\\\/www.grafityp.com\\\/de\\\/#website\"},\"primaryImageOfPage\":{\"@id\":\"https:\\\/\\\/www.grafityp.com\\\/de\\\/ueber\\\/#primaryimage\"},\"image\":{\"@id\":\"https:\\\/\\\/www.grafityp.com\\\/de\\\/ueber\\\/#primaryimage\"},\"thumbnailUrl\":\"https:\\\/\\\/www.grafityp.com\\\/wp-content\\\/uploads\\\/2019\\\/12\\\/20191204Grafityp-web0205.jpg\",\"datePublished\":\"2019-12-02T15:23:34+00:00\",\"dateModified\":\"2024-08-12T09:22:01+00:00\",\"description\":\"Bei Grafityp entwickeln und fertigen wir selbstklebende Vinyls. Farbfilme, Druckfilme f\u00fcr den gro\u00dfformatigen Farbdruck, Laminate und Verpackungsfolien.\",\"breadcrumb\":{\"@id\":\"https:\\\/\\\/www.grafityp.com\\\/de\\\/ueber\\\/#breadcrumb\"},\"inLanguage\":\"de\",\"potentialAction\":[{\"@type\":\"ReadAction\",\"target\":[\"https:\\\/\\\/www.grafityp.com\\\/de\\\/ueber\\\/\"]}]},{\"@type\":\"ImageObject\",\"inLanguage\":\"de\",\"@id\":\"https:\\\/\\\/www.grafityp.com\\\/de\\\/ueber\\\/#primaryimage\",\"url\":\"https:\\\/\\\/www.grafityp.com\\\/wp-content\\\/uploads\\\/2019\\\/12\\\/20191204Grafityp-web0205.jpg\",\"contentUrl\":\"https:\\\/\\\/www.grafityp.com\\\/wp-content\\\/uploads\\\/2019\\\/12\\\/20191204Grafityp-web0205.jpg\",\"width\":1200,\"height\":800},{\"@type\":\"BreadcrumbList\",\"@id\":\"https:\\\/\\\/www.grafityp.com\\\/de\\\/ueber\\\/#breadcrumb\",\"itemListElement\":[{\"@type\":\"ListItem\",\"position\":1,\"name\":\"Home\",\"item\":\"https:\\\/\\\/www.grafityp.com\\\/de\\\/\"},{\"@type\":\"ListItem\",\"position\":2,\"name\":\"\u00dcber\"}]},{\"@type\":\"WebSite\",\"@id\":\"https:\\\/\\\/www.grafityp.com\\\/de\\\/#website\",\"url\":\"https:\\\/\\\/www.grafityp.com\\\/de\\\/\",\"name\":\"Grafityp\",\"description\":\"makes you stick since 1970\",\"potentialAction\":[{\"@type\":\"SearchAction\",\"target\":{\"@type\":\"EntryPoint\",\"urlTemplate\":\"https:\\\/\\\/www.grafityp.com\\\/de\\\/?s={search_term_string}\"},\"query-input\":{\"@type\":\"PropertyValueSpecification\",\"valueRequired\":true,\"valueName\":\"search_term_string\"}}],\"inLanguage\":\"de\"}]}<\/script>\n<!-- \/ Yoast SEO plugin. -->","yoast_head_json":{"title":"\u00dcber - Grafityp","description":"Bei Grafityp entwickeln und fertigen wir selbstklebende Vinyls. Farbfilme, Druckfilme f\u00fcr den gro\u00dfformatigen Farbdruck, Laminate und Verpackungsfolien.","robots":{"index":"index","follow":"follow","max-snippet":"max-snippet:-1","max-image-preview":"max-image-preview:large","max-video-preview":"max-video-preview:-1"},"canonical":"https:\/\/www.grafityp.com\/de\/ueber\/","og_locale":"de_DE","og_type":"article","og_title":"\u00dcber - Grafityp","og_description":"Bei Grafityp entwickeln und fertigen wir selbstklebende Vinyls. Farbfilme, Druckfilme f\u00fcr den gro\u00dfformatigen Farbdruck, Laminate und Verpackungsfolien.","og_url":"https:\/\/www.grafityp.com\/de\/ueber\/","og_site_name":"Grafityp","article_modified_time":"2024-08-12T09:22:01+00:00","og_image":[{"width":1200,"height":800,"url":"https:\/\/www.grafityp.com\/wp-content\/uploads\/2019\/12\/20191204Grafityp-web0205.jpg","type":"image\/jpeg"}],"twitter_card":"summary_large_image","twitter_misc":{"Gesch\u00e4tzte Lesezeit":"8\u00a0Minuten"},"schema":{"@context":"https:\/\/schema.org","@graph":[{"@type":"WebPage","@id":"https:\/\/www.grafityp.com\/de\/ueber\/","url":"https:\/\/www.grafityp.com\/de\/ueber\/","name":"\u00dcber - Grafityp","isPartOf":{"@id":"https:\/\/www.grafityp.com\/de\/#website"},"primaryImageOfPage":{"@id":"https:\/\/www.grafityp.com\/de\/ueber\/#primaryimage"},"image":{"@id":"https:\/\/www.grafityp.com\/de\/ueber\/#primaryimage"},"thumbnailUrl":"https:\/\/www.grafityp.com\/wp-content\/uploads\/2019\/12\/20191204Grafityp-web0205.jpg","datePublished":"2019-12-02T15:23:34+00:00","dateModified":"2024-08-12T09:22:01+00:00","description":"Bei Grafityp entwickeln und fertigen wir selbstklebende Vinyls. Farbfilme, Druckfilme f\u00fcr den gro\u00dfformatigen Farbdruck, Laminate und Verpackungsfolien.","breadcrumb":{"@id":"https:\/\/www.grafityp.com\/de\/ueber\/#breadcrumb"},"inLanguage":"de","potentialAction":[{"@type":"ReadAction","target":["https:\/\/www.grafityp.com\/de\/ueber\/"]}]},{"@type":"ImageObject","inLanguage":"de","@id":"https:\/\/www.grafityp.com\/de\/ueber\/#primaryimage","url":"https:\/\/www.grafityp.com\/wp-content\/uploads\/2019\/12\/20191204Grafityp-web0205.jpg","contentUrl":"https:\/\/www.grafityp.com\/wp-content\/uploads\/2019\/12\/20191204Grafityp-web0205.jpg","width":1200,"height":800},{"@type":"BreadcrumbList","@id":"https:\/\/www.grafityp.com\/de\/ueber\/#breadcrumb","itemListElement":[{"@type":"ListItem","position":1,"name":"Home","item":"https:\/\/www.grafityp.com\/de\/"},{"@type":"ListItem","position":2,"name":"\u00dcber"}]},{"@type":"WebSite","@id":"https:\/\/www.grafityp.com\/de\/#website","url":"https:\/\/www.grafityp.com\/de\/","name":"Grafityp","description":"makes you stick since 1970","potentialAction":[{"@type":"SearchAction","target":{"@type":"EntryPoint","urlTemplate":"https:\/\/www.grafityp.com\/de\/?s={search_term_string}"},"query-input":{"@type":"PropertyValueSpecification","valueRequired":true,"valueName":"search_term_string"}}],"inLanguage":"de"}]}},"_links":{"self":[{"href":"https:\/\/www.grafityp.com\/de\/wp-json\/wp\/v2\/pages\/6312","targetHints":{"allow":["GET"]}}],"collection":[{"href":"https:\/\/www.grafityp.com\/de\/wp-json\/wp\/v2\/pages"}],"about":[{"href":"https:\/\/www.grafityp.com\/de\/wp-json\/wp\/v2\/types\/page"}],"author":[{"embeddable":true,"href":"https:\/\/www.grafityp.com\/de\/wp-json\/wp\/v2\/users\/2"}],"replies":[{"embeddable":true,"href":"https:\/\/www.grafityp.com\/de\/wp-json\/wp\/v2\/comments?post=6312"}],"version-history":[{"count":5,"href":"https:\/\/www.grafityp.com\/de\/wp-json\/wp\/v2\/pages\/6312\/revisions"}],"predecessor-version":[{"id":48374,"href":"https:\/\/www.grafityp.com\/de\/wp-json\/wp\/v2\/pages\/6312\/revisions\/48374"}],"wp:featuredmedia":[{"embeddable":true,"href":"https:\/\/www.grafityp.com\/de\/wp-json\/wp\/v2\/media\/6314"}],"wp:attachment":[{"href":"https:\/\/www.grafityp.com\/de\/wp-json\/wp\/v2\/media?parent=6312"}],"curies":[{"name":"wp","href":"https:\/\/api.w.org\/{rel}","templated":true}]}}