{"id":6317,"date":"2020-01-27T15:34:36","date_gmt":"2020-01-27T14:34:36","guid":{"rendered":"https:\/\/www.grafityp.com\/applications\/digital-printing\/"},"modified":"2022-02-01T10:51:38","modified_gmt":"2022-02-01T09:51:38","slug":"digitaldruck","status":"publish","type":"page","link":"https:\/\/www.grafityp.com\/de\/anwendungen\/digitaldruck\/","title":{"rendered":"Digitaldruck"},"content":{"rendered":"","protected":false},"excerpt":{"rendered":"","protected":false},"author":2,"featured_media":34625,"parent":6306,"menu_order":20,"comment_status":"closed","ping_status":"closed","template":"_template\/application.php","meta":{"_acf_changed":false,"footnotes":""},"class_list":["post-6317","page","type-page","status-publish","has-post-thumbnail","hentry"],"acf":[],"yoast_head":"<!-- This site is optimized with the Yoast SEO plugin v27.3 - https:\/\/yoast.com\/product\/yoast-seo-wordpress\/ -->\n<title>Digitaldruck - Grafityp<\/title>\n<meta name=\"description\" content=\"Beim Digitaldruck ist zu ber\u00fccksichtigen, dass die Qualit\u00e4t Ihres Produkts vom Drucker, den Druckfarben und dem verwendeten Substrat abh\u00e4ngt.\" \/>\n<meta name=\"robots\" content=\"index, follow, max-snippet:-1, max-image-preview:large, max-video-preview:-1\" \/>\n<link rel=\"canonical\" href=\"https:\/\/www.grafityp.com\/de\/anwendungen\/digitaldruck\/\" \/>\n<meta property=\"og:locale\" content=\"de_DE\" \/>\n<meta property=\"og:type\" content=\"article\" \/>\n<meta property=\"og:title\" content=\"Digitaldruck - Grafityp\" \/>\n<meta property=\"og:description\" content=\"Beim Digitaldruck ist zu ber\u00fccksichtigen, dass die Qualit\u00e4t Ihres Produkts vom Drucker, den Druckfarben und dem verwendeten Substrat abh\u00e4ngt.\" \/>\n<meta property=\"og:url\" content=\"https:\/\/www.grafityp.com\/de\/anwendungen\/digitaldruck\/\" \/>\n<meta property=\"og:site_name\" content=\"Grafityp\" \/>\n<meta property=\"article:modified_time\" content=\"2022-02-01T09:51:38+00:00\" \/>\n<meta property=\"og:image\" content=\"https:\/\/www.grafityp.com\/wp-content\/uploads\/2022\/01\/M113HT-01-scaled.jpg\" \/>\n\t<meta property=\"og:image:width\" content=\"2560\" \/>\n\t<meta property=\"og:image:height\" content=\"1920\" \/>\n\t<meta property=\"og:image:type\" content=\"image\/jpeg\" \/>\n<meta name=\"twitter:card\" content=\"summary_large_image\" \/>\n<script type=\"application\/ld+json\" class=\"yoast-schema-graph\">{\"@context\":\"https:\\\/\\\/schema.org\",\"@graph\":[{\"@type\":\"WebPage\",\"@id\":\"https:\\\/\\\/www.grafityp.com\\\/de\\\/anwendungen\\\/digitaldruck\\\/\",\"url\":\"https:\\\/\\\/www.grafityp.com\\\/de\\\/anwendungen\\\/digitaldruck\\\/\",\"name\":\"Digitaldruck - Grafityp\",\"isPartOf\":{\"@id\":\"https:\\\/\\\/www.grafityp.com\\\/de\\\/#website\"},\"primaryImageOfPage\":{\"@id\":\"https:\\\/\\\/www.grafityp.com\\\/de\\\/anwendungen\\\/digitaldruck\\\/#primaryimage\"},\"image\":{\"@id\":\"https:\\\/\\\/www.grafityp.com\\\/de\\\/anwendungen\\\/digitaldruck\\\/#primaryimage\"},\"thumbnailUrl\":\"https:\\\/\\\/www.grafityp.com\\\/wp-content\\\/uploads\\\/2022\\\/01\\\/M113HT-01-scaled.jpg\",\"datePublished\":\"2020-01-27T14:34:36+00:00\",\"dateModified\":\"2022-02-01T09:51:38+00:00\",\"description\":\"Beim Digitaldruck ist zu ber\u00fccksichtigen, dass die Qualit\u00e4t Ihres Produkts vom Drucker, den Druckfarben und dem verwendeten Substrat abh\u00e4ngt.\",\"breadcrumb\":{\"@id\":\"https:\\\/\\\/www.grafityp.com\\\/de\\\/anwendungen\\\/digitaldruck\\\/#breadcrumb\"},\"inLanguage\":\"de\",\"potentialAction\":[{\"@type\":\"ReadAction\",\"target\":[\"https:\\\/\\\/www.grafityp.com\\\/de\\\/anwendungen\\\/digitaldruck\\\/\"]}]},{\"@type\":\"ImageObject\",\"inLanguage\":\"de\",\"@id\":\"https:\\\/\\\/www.grafityp.com\\\/de\\\/anwendungen\\\/digitaldruck\\\/#primaryimage\",\"url\":\"https:\\\/\\\/www.grafityp.com\\\/wp-content\\\/uploads\\\/2022\\\/01\\\/M113HT-01-scaled.jpg\",\"contentUrl\":\"https:\\\/\\\/www.grafityp.com\\\/wp-content\\\/uploads\\\/2022\\\/01\\\/M113HT-01-scaled.jpg\",\"width\":2560,\"height\":1920,\"caption\":\"Digital printing\"},{\"@type\":\"BreadcrumbList\",\"@id\":\"https:\\\/\\\/www.grafityp.com\\\/de\\\/anwendungen\\\/digitaldruck\\\/#breadcrumb\",\"itemListElement\":[{\"@type\":\"ListItem\",\"position\":1,\"name\":\"Home\",\"item\":\"https:\\\/\\\/www.grafityp.com\\\/de\\\/\"},{\"@type\":\"ListItem\",\"position\":2,\"name\":\"Anwendungen\",\"item\":\"https:\\\/\\\/www.grafityp.com\\\/de\\\/anwendungen\\\/\"},{\"@type\":\"ListItem\",\"position\":3,\"name\":\"Digitaldruck\"}]},{\"@type\":\"WebSite\",\"@id\":\"https:\\\/\\\/www.grafityp.com\\\/de\\\/#website\",\"url\":\"https:\\\/\\\/www.grafityp.com\\\/de\\\/\",\"name\":\"Grafityp\",\"description\":\"makes you stick since 1970\",\"potentialAction\":[{\"@type\":\"SearchAction\",\"target\":{\"@type\":\"EntryPoint\",\"urlTemplate\":\"https:\\\/\\\/www.grafityp.com\\\/de\\\/?s={search_term_string}\"},\"query-input\":{\"@type\":\"PropertyValueSpecification\",\"valueRequired\":true,\"valueName\":\"search_term_string\"}}],\"inLanguage\":\"de\"}]}<\/script>\n<!-- \/ Yoast SEO plugin. -->","yoast_head_json":{"title":"Digitaldruck - Grafityp","description":"Beim Digitaldruck ist zu ber\u00fccksichtigen, dass die Qualit\u00e4t Ihres Produkts vom Drucker, den Druckfarben und dem verwendeten Substrat abh\u00e4ngt.","robots":{"index":"index","follow":"follow","max-snippet":"max-snippet:-1","max-image-preview":"max-image-preview:large","max-video-preview":"max-video-preview:-1"},"canonical":"https:\/\/www.grafityp.com\/de\/anwendungen\/digitaldruck\/","og_locale":"de_DE","og_type":"article","og_title":"Digitaldruck - Grafityp","og_description":"Beim Digitaldruck ist zu ber\u00fccksichtigen, dass die Qualit\u00e4t Ihres Produkts vom Drucker, den Druckfarben und dem verwendeten Substrat abh\u00e4ngt.","og_url":"https:\/\/www.grafityp.com\/de\/anwendungen\/digitaldruck\/","og_site_name":"Grafityp","article_modified_time":"2022-02-01T09:51:38+00:00","og_image":[{"width":2560,"height":1920,"url":"https:\/\/www.grafityp.com\/wp-content\/uploads\/2022\/01\/M113HT-01-scaled.jpg","type":"image\/jpeg"}],"twitter_card":"summary_large_image","schema":{"@context":"https:\/\/schema.org","@graph":[{"@type":"WebPage","@id":"https:\/\/www.grafityp.com\/de\/anwendungen\/digitaldruck\/","url":"https:\/\/www.grafityp.com\/de\/anwendungen\/digitaldruck\/","name":"Digitaldruck - Grafityp","isPartOf":{"@id":"https:\/\/www.grafityp.com\/de\/#website"},"primaryImageOfPage":{"@id":"https:\/\/www.grafityp.com\/de\/anwendungen\/digitaldruck\/#primaryimage"},"image":{"@id":"https:\/\/www.grafityp.com\/de\/anwendungen\/digitaldruck\/#primaryimage"},"thumbnailUrl":"https:\/\/www.grafityp.com\/wp-content\/uploads\/2022\/01\/M113HT-01-scaled.jpg","datePublished":"2020-01-27T14:34:36+00:00","dateModified":"2022-02-01T09:51:38+00:00","description":"Beim Digitaldruck ist zu ber\u00fccksichtigen, dass die Qualit\u00e4t Ihres Produkts vom Drucker, den Druckfarben und dem verwendeten Substrat abh\u00e4ngt.","breadcrumb":{"@id":"https:\/\/www.grafityp.com\/de\/anwendungen\/digitaldruck\/#breadcrumb"},"inLanguage":"de","potentialAction":[{"@type":"ReadAction","target":["https:\/\/www.grafityp.com\/de\/anwendungen\/digitaldruck\/"]}]},{"@type":"ImageObject","inLanguage":"de","@id":"https:\/\/www.grafityp.com\/de\/anwendungen\/digitaldruck\/#primaryimage","url":"https:\/\/www.grafityp.com\/wp-content\/uploads\/2022\/01\/M113HT-01-scaled.jpg","contentUrl":"https:\/\/www.grafityp.com\/wp-content\/uploads\/2022\/01\/M113HT-01-scaled.jpg","width":2560,"height":1920,"caption":"Digital printing"},{"@type":"BreadcrumbList","@id":"https:\/\/www.grafityp.com\/de\/anwendungen\/digitaldruck\/#breadcrumb","itemListElement":[{"@type":"ListItem","position":1,"name":"Home","item":"https:\/\/www.grafityp.com\/de\/"},{"@type":"ListItem","position":2,"name":"Anwendungen","item":"https:\/\/www.grafityp.com\/de\/anwendungen\/"},{"@type":"ListItem","position":3,"name":"Digitaldruck"}]},{"@type":"WebSite","@id":"https:\/\/www.grafityp.com\/de\/#website","url":"https:\/\/www.grafityp.com\/de\/","name":"Grafityp","description":"makes you stick since 1970","potentialAction":[{"@type":"SearchAction","target":{"@type":"EntryPoint","urlTemplate":"https:\/\/www.grafityp.com\/de\/?s={search_term_string}"},"query-input":{"@type":"PropertyValueSpecification","valueRequired":true,"valueName":"search_term_string"}}],"inLanguage":"de"}]}},"_links":{"self":[{"href":"https:\/\/www.grafityp.com\/de\/wp-json\/wp\/v2\/pages\/6317","targetHints":{"allow":["GET"]}}],"collection":[{"href":"https:\/\/www.grafityp.com\/de\/wp-json\/wp\/v2\/pages"}],"about":[{"href":"https:\/\/www.grafityp.com\/de\/wp-json\/wp\/v2\/types\/page"}],"author":[{"embeddable":true,"href":"https:\/\/www.grafityp.com\/de\/wp-json\/wp\/v2\/users\/2"}],"replies":[{"embeddable":true,"href":"https:\/\/www.grafityp.com\/de\/wp-json\/wp\/v2\/comments?post=6317"}],"version-history":[{"count":5,"href":"https:\/\/www.grafityp.com\/de\/wp-json\/wp\/v2\/pages\/6317\/revisions"}],"predecessor-version":[{"id":9885,"href":"https:\/\/www.grafityp.com\/de\/wp-json\/wp\/v2\/pages\/6317\/revisions\/9885"}],"up":[{"embeddable":true,"href":"https:\/\/www.grafityp.com\/de\/wp-json\/wp\/v2\/pages\/6306"}],"wp:featuredmedia":[{"embeddable":true,"href":"https:\/\/www.grafityp.com\/de\/wp-json\/wp\/v2\/media\/34625"}],"wp:attachment":[{"href":"https:\/\/www.grafityp.com\/de\/wp-json\/wp\/v2\/media?parent=6317"}],"curies":[{"name":"wp","href":"https:\/\/api.w.org\/{rel}","templated":true}]}}