{"id":6321,"date":"2019-12-04T15:35:49","date_gmt":"2019-12-04T14:35:49","guid":{"rendered":"https:\/\/www.grafityp.com\/producten\/print-media-laminates\/"},"modified":"2020-02-26T11:26:44","modified_gmt":"2020-02-26T10:26:44","slug":"druckmedien-laminate","status":"publish","type":"page","link":"https:\/\/www.grafityp.com\/de\/produkte\/druckmedien-laminate\/","title":{"rendered":"Druckmedien &#038; laminate"},"content":{"rendered":"","protected":false},"excerpt":{"rendered":"","protected":false},"author":2,"featured_media":0,"parent":6305,"menu_order":20,"comment_status":"closed","ping_status":"closed","template":"_template\/products.php","meta":{"_acf_changed":false,"footnotes":""},"class_list":["post-6321","page","type-page","status-publish","hentry"],"acf":[],"yoast_head":"<!-- This site is optimized with the Yoast SEO plugin v27.3 - https:\/\/yoast.com\/product\/yoast-seo-wordpress\/ -->\n<title>Druckmedien &amp; laminate - Grafityp<\/title>\n<meta name=\"description\" content=\"Beim digitalen Drucken ist zu ber\u00fccksichtigen, dass die Qualit\u00e4t Ihres Produkts vom Drucker, den Tintenstrahldruckern und dem verwendeten Substrat abh\u00e4ngt.\" \/>\n<meta name=\"robots\" content=\"index, follow, max-snippet:-1, max-image-preview:large, max-video-preview:-1\" \/>\n<link rel=\"canonical\" href=\"https:\/\/www.grafityp.com\/de\/produkte\/druckmedien-laminate\/\" \/>\n<meta property=\"og:locale\" content=\"de_DE\" \/>\n<meta property=\"og:type\" content=\"article\" \/>\n<meta property=\"og:title\" content=\"Druckmedien &amp; laminate - Grafityp\" \/>\n<meta property=\"og:description\" content=\"Beim digitalen Drucken ist zu ber\u00fccksichtigen, dass die Qualit\u00e4t Ihres Produkts vom Drucker, den Tintenstrahldruckern und dem verwendeten Substrat abh\u00e4ngt.\" \/>\n<meta property=\"og:url\" content=\"https:\/\/www.grafityp.com\/de\/produkte\/druckmedien-laminate\/\" \/>\n<meta property=\"og:site_name\" content=\"Grafityp\" \/>\n<meta property=\"article:modified_time\" content=\"2020-02-26T10:26:44+00:00\" \/>\n<meta name=\"twitter:card\" content=\"summary_large_image\" \/>\n<script type=\"application\/ld+json\" class=\"yoast-schema-graph\">{\"@context\":\"https:\\\/\\\/schema.org\",\"@graph\":[{\"@type\":\"WebPage\",\"@id\":\"https:\\\/\\\/www.grafityp.com\\\/de\\\/produkte\\\/druckmedien-laminate\\\/\",\"url\":\"https:\\\/\\\/www.grafityp.com\\\/de\\\/produkte\\\/druckmedien-laminate\\\/\",\"name\":\"Druckmedien & laminate - Grafityp\",\"isPartOf\":{\"@id\":\"https:\\\/\\\/www.grafityp.com\\\/de\\\/#website\"},\"datePublished\":\"2019-12-04T14:35:49+00:00\",\"dateModified\":\"2020-02-26T10:26:44+00:00\",\"description\":\"Beim digitalen Drucken ist zu ber\u00fccksichtigen, dass die Qualit\u00e4t Ihres Produkts vom Drucker, den Tintenstrahldruckern und dem verwendeten Substrat abh\u00e4ngt.\",\"breadcrumb\":{\"@id\":\"https:\\\/\\\/www.grafityp.com\\\/de\\\/produkte\\\/druckmedien-laminate\\\/#breadcrumb\"},\"inLanguage\":\"de\",\"potentialAction\":[{\"@type\":\"ReadAction\",\"target\":[\"https:\\\/\\\/www.grafityp.com\\\/de\\\/produkte\\\/druckmedien-laminate\\\/\"]}]},{\"@type\":\"BreadcrumbList\",\"@id\":\"https:\\\/\\\/www.grafityp.com\\\/de\\\/produkte\\\/druckmedien-laminate\\\/#breadcrumb\",\"itemListElement\":[{\"@type\":\"ListItem\",\"position\":1,\"name\":\"Home\",\"item\":\"https:\\\/\\\/www.grafityp.com\\\/de\\\/\"},{\"@type\":\"ListItem\",\"position\":2,\"name\":\"Produkte\",\"item\":\"https:\\\/\\\/www.grafityp.com\\\/de\\\/produkte\\\/\"},{\"@type\":\"ListItem\",\"position\":3,\"name\":\"Druckmedien &#038; laminate\"}]},{\"@type\":\"WebSite\",\"@id\":\"https:\\\/\\\/www.grafityp.com\\\/de\\\/#website\",\"url\":\"https:\\\/\\\/www.grafityp.com\\\/de\\\/\",\"name\":\"Grafityp\",\"description\":\"makes you stick since 1970\",\"potentialAction\":[{\"@type\":\"SearchAction\",\"target\":{\"@type\":\"EntryPoint\",\"urlTemplate\":\"https:\\\/\\\/www.grafityp.com\\\/de\\\/?s={search_term_string}\"},\"query-input\":{\"@type\":\"PropertyValueSpecification\",\"valueRequired\":true,\"valueName\":\"search_term_string\"}}],\"inLanguage\":\"de\"}]}<\/script>\n<!-- \/ Yoast SEO plugin. -->","yoast_head_json":{"title":"Druckmedien & laminate - Grafityp","description":"Beim digitalen Drucken ist zu ber\u00fccksichtigen, dass die Qualit\u00e4t Ihres Produkts vom Drucker, den Tintenstrahldruckern und dem verwendeten Substrat abh\u00e4ngt.","robots":{"index":"index","follow":"follow","max-snippet":"max-snippet:-1","max-image-preview":"max-image-preview:large","max-video-preview":"max-video-preview:-1"},"canonical":"https:\/\/www.grafityp.com\/de\/produkte\/druckmedien-laminate\/","og_locale":"de_DE","og_type":"article","og_title":"Druckmedien & laminate - Grafityp","og_description":"Beim digitalen Drucken ist zu ber\u00fccksichtigen, dass die Qualit\u00e4t Ihres Produkts vom Drucker, den Tintenstrahldruckern und dem verwendeten Substrat abh\u00e4ngt.","og_url":"https:\/\/www.grafityp.com\/de\/produkte\/druckmedien-laminate\/","og_site_name":"Grafityp","article_modified_time":"2020-02-26T10:26:44+00:00","twitter_card":"summary_large_image","schema":{"@context":"https:\/\/schema.org","@graph":[{"@type":"WebPage","@id":"https:\/\/www.grafityp.com\/de\/produkte\/druckmedien-laminate\/","url":"https:\/\/www.grafityp.com\/de\/produkte\/druckmedien-laminate\/","name":"Druckmedien & laminate - Grafityp","isPartOf":{"@id":"https:\/\/www.grafityp.com\/de\/#website"},"datePublished":"2019-12-04T14:35:49+00:00","dateModified":"2020-02-26T10:26:44+00:00","description":"Beim digitalen Drucken ist zu ber\u00fccksichtigen, dass die Qualit\u00e4t Ihres Produkts vom Drucker, den Tintenstrahldruckern und dem verwendeten Substrat abh\u00e4ngt.","breadcrumb":{"@id":"https:\/\/www.grafityp.com\/de\/produkte\/druckmedien-laminate\/#breadcrumb"},"inLanguage":"de","potentialAction":[{"@type":"ReadAction","target":["https:\/\/www.grafityp.com\/de\/produkte\/druckmedien-laminate\/"]}]},{"@type":"BreadcrumbList","@id":"https:\/\/www.grafityp.com\/de\/produkte\/druckmedien-laminate\/#breadcrumb","itemListElement":[{"@type":"ListItem","position":1,"name":"Home","item":"https:\/\/www.grafityp.com\/de\/"},{"@type":"ListItem","position":2,"name":"Produkte","item":"https:\/\/www.grafityp.com\/de\/produkte\/"},{"@type":"ListItem","position":3,"name":"Druckmedien &#038; laminate"}]},{"@type":"WebSite","@id":"https:\/\/www.grafityp.com\/de\/#website","url":"https:\/\/www.grafityp.com\/de\/","name":"Grafityp","description":"makes you stick since 1970","potentialAction":[{"@type":"SearchAction","target":{"@type":"EntryPoint","urlTemplate":"https:\/\/www.grafityp.com\/de\/?s={search_term_string}"},"query-input":{"@type":"PropertyValueSpecification","valueRequired":true,"valueName":"search_term_string"}}],"inLanguage":"de"}]}},"_links":{"self":[{"href":"https:\/\/www.grafityp.com\/de\/wp-json\/wp\/v2\/pages\/6321","targetHints":{"allow":["GET"]}}],"collection":[{"href":"https:\/\/www.grafityp.com\/de\/wp-json\/wp\/v2\/pages"}],"about":[{"href":"https:\/\/www.grafityp.com\/de\/wp-json\/wp\/v2\/types\/page"}],"author":[{"embeddable":true,"href":"https:\/\/www.grafityp.com\/de\/wp-json\/wp\/v2\/users\/2"}],"replies":[{"embeddable":true,"href":"https:\/\/www.grafityp.com\/de\/wp-json\/wp\/v2\/comments?post=6321"}],"version-history":[{"count":2,"href":"https:\/\/www.grafityp.com\/de\/wp-json\/wp\/v2\/pages\/6321\/revisions"}],"predecessor-version":[{"id":7441,"href":"https:\/\/www.grafityp.com\/de\/wp-json\/wp\/v2\/pages\/6321\/revisions\/7441"}],"up":[{"embeddable":true,"href":"https:\/\/www.grafityp.com\/de\/wp-json\/wp\/v2\/pages\/6305"}],"wp:attachment":[{"href":"https:\/\/www.grafityp.com\/de\/wp-json\/wp\/v2\/media?parent=6321"}],"curies":[{"name":"wp","href":"https:\/\/api.w.org\/{rel}","templated":true}]}}