{"id":33770,"date":"2021-11-26T10:07:27","date_gmt":"2021-11-26T09:07:27","guid":{"rendered":"https:\/\/www.grafityp.com\/?page_id=33770"},"modified":"2022-02-21T08:49:28","modified_gmt":"2022-02-21T07:49:28","slug":"cleanskin","status":"publish","type":"page","link":"https:\/\/www.grafityp.com\/nl\/cleanskin\/","title":{"rendered":"CleanSkin"},"content":{"rendered":"","protected":false},"excerpt":{"rendered":"","protected":false},"author":2,"featured_media":0,"parent":0,"menu_order":0,"comment_status":"closed","ping_status":"closed","template":"_template\/anti-microbe-pvc-2.php","meta":{"_acf_changed":false,"footnotes":""},"class_list":["post-33770","page","type-page","status-publish","hentry"],"acf":[],"yoast_head":"<!-- This site is optimized with the Yoast SEO plugin v27.3 - https:\/\/yoast.com\/product\/yoast-seo-wordpress\/ -->\n<title>CleanSkin Antimicrobi\u00eble Transparante folie - Grafityp<\/title>\n<meta name=\"description\" content=\"Win kostbare tijd. Cre\u00ebr een veilige zone. Geen zorgen meer. CleanSkin antimicrobi\u00eble transparante folie maakt u het leven makkelijker!\" \/>\n<meta name=\"robots\" content=\"index, follow, max-snippet:-1, max-image-preview:large, max-video-preview:-1\" \/>\n<link rel=\"canonical\" href=\"https:\/\/www.grafityp.com\/nl\/cleanskin\/\" \/>\n<meta property=\"og:locale\" content=\"nl_BE\" \/>\n<meta property=\"og:type\" content=\"article\" \/>\n<meta property=\"og:title\" content=\"CleanSkin Antimicrobi\u00eble Transparante folie - Grafityp\" \/>\n<meta property=\"og:description\" content=\"Win kostbare tijd. Cre\u00ebr een veilige zone. Geen zorgen meer. CleanSkin antimicrobi\u00eble transparante folie maakt u het leven makkelijker!\" \/>\n<meta property=\"og:url\" content=\"https:\/\/www.grafityp.com\/nl\/cleanskin\/\" \/>\n<meta property=\"og:site_name\" content=\"Grafityp\" \/>\n<meta property=\"article:modified_time\" content=\"2022-02-21T07:49:28+00:00\" \/>\n<meta name=\"twitter:card\" content=\"summary_large_image\" \/>\n<script type=\"application\/ld+json\" class=\"yoast-schema-graph\">{\"@context\":\"https:\\\/\\\/schema.org\",\"@graph\":[{\"@type\":\"WebPage\",\"@id\":\"https:\\\/\\\/www.grafityp.com\\\/nl\\\/cleanskin\\\/\",\"url\":\"https:\\\/\\\/www.grafityp.com\\\/nl\\\/cleanskin\\\/\",\"name\":\"CleanSkin Antimicrobi\u00eble Transparante folie - Grafityp\",\"isPartOf\":{\"@id\":\"https:\\\/\\\/www.grafityp.com\\\/nl\\\/#website\"},\"datePublished\":\"2021-11-26T09:07:27+00:00\",\"dateModified\":\"2022-02-21T07:49:28+00:00\",\"description\":\"Win kostbare tijd. Cre\u00ebr een veilige zone. Geen zorgen meer. CleanSkin antimicrobi\u00eble transparante folie maakt u het leven makkelijker!\",\"breadcrumb\":{\"@id\":\"https:\\\/\\\/www.grafityp.com\\\/nl\\\/cleanskin\\\/#breadcrumb\"},\"inLanguage\":\"nl-BE\",\"potentialAction\":[{\"@type\":\"ReadAction\",\"target\":[\"https:\\\/\\\/www.grafityp.com\\\/nl\\\/cleanskin\\\/\"]}]},{\"@type\":\"BreadcrumbList\",\"@id\":\"https:\\\/\\\/www.grafityp.com\\\/nl\\\/cleanskin\\\/#breadcrumb\",\"itemListElement\":[{\"@type\":\"ListItem\",\"position\":1,\"name\":\"Home\",\"item\":\"https:\\\/\\\/www.grafityp.com\\\/nl\\\/\"},{\"@type\":\"ListItem\",\"position\":2,\"name\":\"CleanSkin\"}]},{\"@type\":\"WebSite\",\"@id\":\"https:\\\/\\\/www.grafityp.com\\\/nl\\\/#website\",\"url\":\"https:\\\/\\\/www.grafityp.com\\\/nl\\\/\",\"name\":\"Grafityp\",\"description\":\"makes you stick since 1970\",\"potentialAction\":[{\"@type\":\"SearchAction\",\"target\":{\"@type\":\"EntryPoint\",\"urlTemplate\":\"https:\\\/\\\/www.grafityp.com\\\/nl\\\/?s={search_term_string}\"},\"query-input\":{\"@type\":\"PropertyValueSpecification\",\"valueRequired\":true,\"valueName\":\"search_term_string\"}}],\"inLanguage\":\"nl-BE\"}]}<\/script>\n<!-- \/ Yoast SEO plugin. -->","yoast_head_json":{"title":"CleanSkin Antimicrobi\u00eble Transparante folie - Grafityp","description":"Win kostbare tijd. Cre\u00ebr een veilige zone. Geen zorgen meer. CleanSkin antimicrobi\u00eble transparante folie maakt u het leven makkelijker!","robots":{"index":"index","follow":"follow","max-snippet":"max-snippet:-1","max-image-preview":"max-image-preview:large","max-video-preview":"max-video-preview:-1"},"canonical":"https:\/\/www.grafityp.com\/nl\/cleanskin\/","og_locale":"nl_BE","og_type":"article","og_title":"CleanSkin Antimicrobi\u00eble Transparante folie - Grafityp","og_description":"Win kostbare tijd. Cre\u00ebr een veilige zone. Geen zorgen meer. CleanSkin antimicrobi\u00eble transparante folie maakt u het leven makkelijker!","og_url":"https:\/\/www.grafityp.com\/nl\/cleanskin\/","og_site_name":"Grafityp","article_modified_time":"2022-02-21T07:49:28+00:00","twitter_card":"summary_large_image","schema":{"@context":"https:\/\/schema.org","@graph":[{"@type":"WebPage","@id":"https:\/\/www.grafityp.com\/nl\/cleanskin\/","url":"https:\/\/www.grafityp.com\/nl\/cleanskin\/","name":"CleanSkin Antimicrobi\u00eble Transparante folie - Grafityp","isPartOf":{"@id":"https:\/\/www.grafityp.com\/nl\/#website"},"datePublished":"2021-11-26T09:07:27+00:00","dateModified":"2022-02-21T07:49:28+00:00","description":"Win kostbare tijd. Cre\u00ebr een veilige zone. Geen zorgen meer. CleanSkin antimicrobi\u00eble transparante folie maakt u het leven makkelijker!","breadcrumb":{"@id":"https:\/\/www.grafityp.com\/nl\/cleanskin\/#breadcrumb"},"inLanguage":"nl-BE","potentialAction":[{"@type":"ReadAction","target":["https:\/\/www.grafityp.com\/nl\/cleanskin\/"]}]},{"@type":"BreadcrumbList","@id":"https:\/\/www.grafityp.com\/nl\/cleanskin\/#breadcrumb","itemListElement":[{"@type":"ListItem","position":1,"name":"Home","item":"https:\/\/www.grafityp.com\/nl\/"},{"@type":"ListItem","position":2,"name":"CleanSkin"}]},{"@type":"WebSite","@id":"https:\/\/www.grafityp.com\/nl\/#website","url":"https:\/\/www.grafityp.com\/nl\/","name":"Grafityp","description":"makes you stick since 1970","potentialAction":[{"@type":"SearchAction","target":{"@type":"EntryPoint","urlTemplate":"https:\/\/www.grafityp.com\/nl\/?s={search_term_string}"},"query-input":{"@type":"PropertyValueSpecification","valueRequired":true,"valueName":"search_term_string"}}],"inLanguage":"nl-BE"}]}},"_links":{"self":[{"href":"https:\/\/www.grafityp.com\/nl\/wp-json\/wp\/v2\/pages\/33770","targetHints":{"allow":["GET"]}}],"collection":[{"href":"https:\/\/www.grafityp.com\/nl\/wp-json\/wp\/v2\/pages"}],"about":[{"href":"https:\/\/www.grafityp.com\/nl\/wp-json\/wp\/v2\/types\/page"}],"author":[{"embeddable":true,"href":"https:\/\/www.grafityp.com\/nl\/wp-json\/wp\/v2\/users\/2"}],"replies":[{"embeddable":true,"href":"https:\/\/www.grafityp.com\/nl\/wp-json\/wp\/v2\/comments?post=33770"}],"version-history":[{"count":5,"href":"https:\/\/www.grafityp.com\/nl\/wp-json\/wp\/v2\/pages\/33770\/revisions"}],"predecessor-version":[{"id":35529,"href":"https:\/\/www.grafityp.com\/nl\/wp-json\/wp\/v2\/pages\/33770\/revisions\/35529"}],"wp:attachment":[{"href":"https:\/\/www.grafityp.com\/nl\/wp-json\/wp\/v2\/media?parent=33770"}],"curies":[{"name":"wp","href":"https:\/\/api.w.org\/{rel}","templated":true}]}}