{"id":3457,"date":"2019-12-02T16:26:02","date_gmt":"2019-12-02T15:26:02","guid":{"rendered":"https:\/\/www.grafityp.com\/?page_id=3457"},"modified":"2020-01-29T13:56:03","modified_gmt":"2020-01-29T12:56:03","slug":"contact","status":"publish","type":"page","link":"https:\/\/www.grafityp.com\/nl\/contact\/","title":{"rendered":"Contact"},"content":{"rendered":"","protected":false},"excerpt":{"rendered":"","protected":false},"author":2,"featured_media":0,"parent":0,"menu_order":50,"comment_status":"closed","ping_status":"closed","template":"_template\/contact.php","meta":{"_acf_changed":false,"footnotes":""},"class_list":["post-3457","page","type-page","status-publish","hentry"],"acf":[],"yoast_head":"<!-- This site is optimized with the Yoast SEO plugin v27.3 - https:\/\/yoast.com\/product\/yoast-seo-wordpress\/ -->\n<title>Contact - Grafityp<\/title>\n<meta name=\"description\" content=\"Want to make the brand of your customer stick? En kunnen wij daar op \u00e9\u00e9n of andere manier mee helpen? Of heb je een vraag over \u00e9\u00e9n van onze producten? Laat het ons weten.\" \/>\n<meta name=\"robots\" content=\"index, follow, max-snippet:-1, max-image-preview:large, max-video-preview:-1\" \/>\n<link rel=\"canonical\" href=\"https:\/\/www.grafityp.com\/nl\/contact\/\" \/>\n<meta property=\"og:locale\" content=\"nl_BE\" \/>\n<meta property=\"og:type\" content=\"article\" \/>\n<meta property=\"og:title\" content=\"Contact - Grafityp\" \/>\n<meta property=\"og:description\" content=\"Want to make the brand of your customer stick? En kunnen wij daar op \u00e9\u00e9n of andere manier mee helpen? Of heb je een vraag over \u00e9\u00e9n van onze producten? Laat het ons weten.\" \/>\n<meta property=\"og:url\" content=\"https:\/\/www.grafityp.com\/nl\/contact\/\" \/>\n<meta property=\"og:site_name\" content=\"Grafityp\" \/>\n<meta property=\"article:modified_time\" content=\"2020-01-29T12:56:03+00:00\" \/>\n<meta name=\"twitter:card\" content=\"summary_large_image\" \/>\n<script type=\"application\/ld+json\" class=\"yoast-schema-graph\">{\"@context\":\"https:\\\/\\\/schema.org\",\"@graph\":[{\"@type\":\"WebPage\",\"@id\":\"https:\\\/\\\/www.grafityp.com\\\/nl\\\/contact\\\/\",\"url\":\"https:\\\/\\\/www.grafityp.com\\\/nl\\\/contact\\\/\",\"name\":\"Contact - Grafityp\",\"isPartOf\":{\"@id\":\"https:\\\/\\\/www.grafityp.com\\\/nl\\\/#website\"},\"datePublished\":\"2019-12-02T15:26:02+00:00\",\"dateModified\":\"2020-01-29T12:56:03+00:00\",\"description\":\"Want to make the brand of your customer stick? En kunnen wij daar op \u00e9\u00e9n of andere manier mee helpen? Of heb je een vraag over \u00e9\u00e9n van onze producten? Laat het ons weten.\",\"breadcrumb\":{\"@id\":\"https:\\\/\\\/www.grafityp.com\\\/nl\\\/contact\\\/#breadcrumb\"},\"inLanguage\":\"nl-BE\",\"potentialAction\":[{\"@type\":\"ReadAction\",\"target\":[\"https:\\\/\\\/www.grafityp.com\\\/nl\\\/contact\\\/\"]}]},{\"@type\":\"BreadcrumbList\",\"@id\":\"https:\\\/\\\/www.grafityp.com\\\/nl\\\/contact\\\/#breadcrumb\",\"itemListElement\":[{\"@type\":\"ListItem\",\"position\":1,\"name\":\"Home\",\"item\":\"https:\\\/\\\/www.grafityp.com\\\/nl\\\/\"},{\"@type\":\"ListItem\",\"position\":2,\"name\":\"Contact\"}]},{\"@type\":\"WebSite\",\"@id\":\"https:\\\/\\\/www.grafityp.com\\\/nl\\\/#website\",\"url\":\"https:\\\/\\\/www.grafityp.com\\\/nl\\\/\",\"name\":\"Grafityp\",\"description\":\"makes you stick since 1970\",\"potentialAction\":[{\"@type\":\"SearchAction\",\"target\":{\"@type\":\"EntryPoint\",\"urlTemplate\":\"https:\\\/\\\/www.grafityp.com\\\/nl\\\/?s={search_term_string}\"},\"query-input\":{\"@type\":\"PropertyValueSpecification\",\"valueRequired\":true,\"valueName\":\"search_term_string\"}}],\"inLanguage\":\"nl-BE\"}]}<\/script>\n<!-- \/ Yoast SEO plugin. -->","yoast_head_json":{"title":"Contact - Grafityp","description":"Want to make the brand of your customer stick? En kunnen wij daar op \u00e9\u00e9n of andere manier mee helpen? Of heb je een vraag over \u00e9\u00e9n van onze producten? Laat het ons weten.","robots":{"index":"index","follow":"follow","max-snippet":"max-snippet:-1","max-image-preview":"max-image-preview:large","max-video-preview":"max-video-preview:-1"},"canonical":"https:\/\/www.grafityp.com\/nl\/contact\/","og_locale":"nl_BE","og_type":"article","og_title":"Contact - Grafityp","og_description":"Want to make the brand of your customer stick? En kunnen wij daar op \u00e9\u00e9n of andere manier mee helpen? Of heb je een vraag over \u00e9\u00e9n van onze producten? Laat het ons weten.","og_url":"https:\/\/www.grafityp.com\/nl\/contact\/","og_site_name":"Grafityp","article_modified_time":"2020-01-29T12:56:03+00:00","twitter_card":"summary_large_image","schema":{"@context":"https:\/\/schema.org","@graph":[{"@type":"WebPage","@id":"https:\/\/www.grafityp.com\/nl\/contact\/","url":"https:\/\/www.grafityp.com\/nl\/contact\/","name":"Contact - Grafityp","isPartOf":{"@id":"https:\/\/www.grafityp.com\/nl\/#website"},"datePublished":"2019-12-02T15:26:02+00:00","dateModified":"2020-01-29T12:56:03+00:00","description":"Want to make the brand of your customer stick? En kunnen wij daar op \u00e9\u00e9n of andere manier mee helpen? Of heb je een vraag over \u00e9\u00e9n van onze producten? Laat het ons weten.","breadcrumb":{"@id":"https:\/\/www.grafityp.com\/nl\/contact\/#breadcrumb"},"inLanguage":"nl-BE","potentialAction":[{"@type":"ReadAction","target":["https:\/\/www.grafityp.com\/nl\/contact\/"]}]},{"@type":"BreadcrumbList","@id":"https:\/\/www.grafityp.com\/nl\/contact\/#breadcrumb","itemListElement":[{"@type":"ListItem","position":1,"name":"Home","item":"https:\/\/www.grafityp.com\/nl\/"},{"@type":"ListItem","position":2,"name":"Contact"}]},{"@type":"WebSite","@id":"https:\/\/www.grafityp.com\/nl\/#website","url":"https:\/\/www.grafityp.com\/nl\/","name":"Grafityp","description":"makes you stick since 1970","potentialAction":[{"@type":"SearchAction","target":{"@type":"EntryPoint","urlTemplate":"https:\/\/www.grafityp.com\/nl\/?s={search_term_string}"},"query-input":{"@type":"PropertyValueSpecification","valueRequired":true,"valueName":"search_term_string"}}],"inLanguage":"nl-BE"}]}},"_links":{"self":[{"href":"https:\/\/www.grafityp.com\/nl\/wp-json\/wp\/v2\/pages\/3457","targetHints":{"allow":["GET"]}}],"collection":[{"href":"https:\/\/www.grafityp.com\/nl\/wp-json\/wp\/v2\/pages"}],"about":[{"href":"https:\/\/www.grafityp.com\/nl\/wp-json\/wp\/v2\/types\/page"}],"author":[{"embeddable":true,"href":"https:\/\/www.grafityp.com\/nl\/wp-json\/wp\/v2\/users\/2"}],"replies":[{"embeddable":true,"href":"https:\/\/www.grafityp.com\/nl\/wp-json\/wp\/v2\/comments?post=3457"}],"version-history":[{"count":3,"href":"https:\/\/www.grafityp.com\/nl\/wp-json\/wp\/v2\/pages\/3457\/revisions"}],"predecessor-version":[{"id":3640,"href":"https:\/\/www.grafityp.com\/nl\/wp-json\/wp\/v2\/pages\/3457\/revisions\/3640"}],"wp:attachment":[{"href":"https:\/\/www.grafityp.com\/nl\/wp-json\/wp\/v2\/media?parent=3457"}],"curies":[{"name":"wp","href":"https:\/\/api.w.org\/{rel}","templated":true}]}}